{"id":1328,"date":"2018-10-25T16:44:28","date_gmt":"2018-10-25T16:44:28","guid":{"rendered":"http:\/\/demo06.gethomey.io\/?page_id=1328"},"modified":"2025-10-21T15:38:57","modified_gmt":"2025-10-21T14:38:57","slug":"haeufig-gestellte-fragen","status":"publish","type":"page","link":"https:\/\/whalewatchingtenerife.org\/de\/haeufig-gestellte-fragen\/","title":{"rendered":"FAQs: Was Sie \u00fcber Walbeobachtungen auf Teneriffa wissen m\u00fcssen"},"content":{"rendered":"<p><strong>Kann ich w\u00e4hrend der Tour schwimmen?<\/strong><\/p>\n\n\n\n<p>W\u00e4hrend des Walbeobachtungsteils der Tour ist Schwimmen nicht gestattet, einige private Chartertouren k\u00f6nnen jedoch einen Badestopp beinhalten.<\/p>\n\n\n\n<p><strong>Welche Walarten kann ich auf Teneriffa sehen?<\/strong><\/p>\n\n\n\n<p>Am h\u00e4ufigsten sind Grindwale und Gro\u00dfe T\u00fcmmler anzutreffen. Saisonal k\u00f6nnen auch Pottwale oder Orcas vorbeikommen.<\/p>\n\n\n\n<p><strong>Ist Seekrankheit h\u00e4ufig?<\/strong><\/p>\n\n\n\n<p>Es h\u00e4ngt von der Person und dem Meer ab. Wenn Sie anf\u00e4llig f\u00fcr Reisekrankheit sind, nehmen Sie vor der Reise Medikamente gegen \u00dcbelkeit ein.<\/p>\n\n\n\n<p><strong>Sind die Boote f\u00fcr Rollstuhlfahrer zug\u00e4nglich?<\/strong><\/p>\n\n\n\n<p>Einige unserer Boote sind f\u00fcr G\u00e4ste mit eingeschr\u00e4nkter Mobilit\u00e4t zug\u00e4nglich. Informieren Sie uns im Voraus, damit wir Sie unterbringen k\u00f6nnen.<\/p>\n\n\n\n<p><strong>Sind Ihre Crewmitglieder Reiseleiter?<\/strong><\/p>\n\n\n\n<p>Ja, alle unsere Guides sind erfahren, mehrsprachig und in der Beobachtung des Meereslebens und in Sicherheitsprotokollen geschult.<\/p>\n\n\n\n<p><strong>Wird Trinkgeld erwartet?<\/strong><\/p>\n\n\n\n<p>Trinkgeld ist nicht erforderlich, wird aber immer gerne gegeben, wenn Ihnen der Service gefallen hat.<\/p>\n\n\n\n<p><strong>Was ist bei schlechtem Wetter?<\/strong><\/p>\n\n\n\n<p>Wenn die Bedingungen nicht sicher sind, wird die Tour verschoben oder der Preis erstattet. Ihre Sicherheit hat f\u00fcr uns Priorit\u00e4t.<\/p>\n\n\n\n<p><strong>Kann ich mein Haustier mit an Bord nehmen?<\/strong><\/p>\n\n\n\n<p>Auf gemeinsamen Touren sind nur Assistenztiere erlaubt. Auf privaten Chartertouren k\u00f6nnen Haustiere nach Absprache erlaubt sein.<\/p>\n\n\n\n<p><strong>Stellen Sie Schwimmwesten zur Verf\u00fcgung?<\/strong><\/p>\n\n\n\n<p>Ja, Schwimmwesten stehen allen Passagieren zur Verf\u00fcgung und sind f\u00fcr Kinder obligatorisch.<\/p>\n\n\n\n<p><strong>Muss ich schwimmen k\u00f6nnen?<\/strong><\/p>\n\n\n\n<p>Nein, Schwimmen ist nicht erforderlich. F\u00fcr Nichtschwimmer gelten alle Sicherheitsvorkehrungen.<\/p>\n\n\n\n<p><strong>Gibt es Musik oder Unterhaltung auf der Tour?<\/strong><\/p>\n\n\n\n<p>Die meisten Touren sind entspannend und Sie k\u00f6nnen das Meer genie\u00dfen, aber bei privaten Ausfl\u00fcgen kann es auch individuelle Unterhaltung geben.<\/p>\n\n\n\n<p><strong>Kann ich eine Geschenkkarte oder einen Gutschein kaufen?<\/strong><\/p>\n\n\n\n<p>Ja, wir bieten digitale Geschenkkarten an \u2013 eine tolle Idee f\u00fcr Geburtstage oder besondere Anl\u00e4sse.<\/p>","protected":false},"excerpt":{"rendered":"<p>Can I swim during the tour? Swimming is not allowed during the whale watching part of the trip, but some private charters may include a swim stop. What kind of whales can I see in Tenerife? Pilot whales and bottlenose dolphins are the most common. Sperm whales or orcas may visit seasonally. Is seasickness common? [&hellip;]<\/p>","protected":false},"author":2,"featured_media":0,"parent":0,"menu_order":0,"comment_status":"closed","ping_status":"closed","template":"","meta":{"_acf_changed":false,"footnotes":""},"class_list":["post-1328","page","type-page","status-publish","hentry"],"acf":[],"yoast_head":"<!-- This site is optimized with the Yoast SEO Premium plugin v24.6 (Yoast SEO v24.6) - https:\/\/yoast.com\/wordpress\/plugins\/seo\/ -->\n<title>Frequently asked questions about whale watching in Tenerife<\/title>\n<meta name=\"description\" content=\"Find quick answers to the most common questions about whale watching tours in Tenerife. Everything you need to know before you book.\" \/>\n<meta name=\"robots\" content=\"index, follow, max-snippet:-1, max-image-preview:large, max-video-preview:-1\" \/>\n<link rel=\"canonical\" href=\"https:\/\/whalewatchingtenerife.org\/de\/haeufig-gestellte-fragen\/\" \/>\n<meta property=\"og:locale\" content=\"de_DE\" \/>\n<meta property=\"og:type\" content=\"article\" \/>\n<meta property=\"og:title\" content=\"FAQs: What You Need to Know About Whale Watching in Tenerife\" \/>\n<meta property=\"og:description\" content=\"Find quick answers to the most common questions about whale watching tours in Tenerife. Everything you need to know before you book.\" \/>\n<meta property=\"og:url\" content=\"https:\/\/whalewatchingtenerife.org\/de\/haeufig-gestellte-fragen\/\" \/>\n<meta property=\"og:site_name\" content=\"Whale Watching Tenerife\" \/>\n<meta property=\"article:modified_time\" content=\"2025-10-21T14:38:57+00:00\" \/>\n<meta name=\"twitter:card\" content=\"summary_large_image\" \/>\n<meta name=\"twitter:label1\" content=\"Gesch\u00e4tzte Lesezeit\" \/>\n\t<meta name=\"twitter:data1\" content=\"2\u00a0Minuten\" \/>\n<script type=\"application\/ld+json\" class=\"yoast-schema-graph\">{\"@context\":\"https:\/\/schema.org\",\"@graph\":[{\"@type\":\"WebPage\",\"@id\":\"https:\/\/whalewatchingtenerife.org\/faq\/\",\"url\":\"https:\/\/whalewatchingtenerife.org\/faq\/\",\"name\":\"Frequently asked questions about whale watching in Tenerife\",\"isPartOf\":{\"@id\":\"https:\/\/whalewatchingtenerife.org\/#website\"},\"datePublished\":\"2018-10-25T16:44:28+00:00\",\"dateModified\":\"2025-10-21T14:38:57+00:00\",\"description\":\"Find quick answers to the most common questions about whale watching tours in Tenerife. Everything you need to know before you book.\",\"breadcrumb\":{\"@id\":\"https:\/\/whalewatchingtenerife.org\/faq\/#breadcrumb\"},\"inLanguage\":\"de\",\"potentialAction\":[{\"@type\":\"ReadAction\",\"target\":[\"https:\/\/whalewatchingtenerife.org\/faq\/\"]}]},{\"@type\":\"BreadcrumbList\",\"@id\":\"https:\/\/whalewatchingtenerife.org\/faq\/#breadcrumb\",\"itemListElement\":[{\"@type\":\"ListItem\",\"position\":1,\"name\":\"Home\",\"item\":\"https:\/\/whalewatchingtenerife.org\/\"},{\"@type\":\"ListItem\",\"position\":2,\"name\":\"FAQs: What You Need to Know About Whale Watching in Tenerife\"}]},{\"@type\":\"WebSite\",\"@id\":\"https:\/\/whalewatchingtenerife.org\/#website\",\"url\":\"https:\/\/whalewatchingtenerife.org\/\",\"name\":\"Whale Watching Tenerife\",\"description\":\"\",\"potentialAction\":[{\"@type\":\"SearchAction\",\"target\":{\"@type\":\"EntryPoint\",\"urlTemplate\":\"https:\/\/whalewatchingtenerife.org\/?s={search_term_string}\"},\"query-input\":{\"@type\":\"PropertyValueSpecification\",\"valueRequired\":true,\"valueName\":\"search_term_string\"}}],\"inLanguage\":\"de\"}]}<\/script>\n<!-- \/ Yoast SEO Premium plugin. -->","yoast_head_json":{"title":"H\u00e4ufig gestellte Fragen zur Walbeobachtung auf Teneriffa","description":"Hier finden Sie schnelle Antworten auf die h\u00e4ufigsten Fragen zu Walbeobachtungstouren auf Teneriffa. Alles, was Sie vor der Buchung wissen m\u00fcssen.","robots":{"index":"index","follow":"follow","max-snippet":"max-snippet:-1","max-image-preview":"max-image-preview:large","max-video-preview":"max-video-preview:-1"},"canonical":"https:\/\/whalewatchingtenerife.org\/de\/haeufig-gestellte-fragen\/","og_locale":"de_DE","og_type":"article","og_title":"FAQs: What You Need to Know About Whale Watching in Tenerife","og_description":"Find quick answers to the most common questions about whale watching tours in Tenerife. Everything you need to know before you book.","og_url":"https:\/\/whalewatchingtenerife.org\/de\/haeufig-gestellte-fragen\/","og_site_name":"Whale Watching Tenerife","article_modified_time":"2025-10-21T14:38:57+00:00","twitter_card":"summary_large_image","twitter_misc":{"Gesch\u00e4tzte Lesezeit":"2\u00a0Minuten"},"schema":{"@context":"https:\/\/schema.org","@graph":[{"@type":"WebPage","@id":"https:\/\/whalewatchingtenerife.org\/faq\/","url":"https:\/\/whalewatchingtenerife.org\/faq\/","name":"H\u00e4ufig gestellte Fragen zur Walbeobachtung auf Teneriffa","isPartOf":{"@id":"https:\/\/whalewatchingtenerife.org\/#website"},"datePublished":"2018-10-25T16:44:28+00:00","dateModified":"2025-10-21T14:38:57+00:00","description":"Hier finden Sie schnelle Antworten auf die h\u00e4ufigsten Fragen zu Walbeobachtungstouren auf Teneriffa. Alles, was Sie vor der Buchung wissen m\u00fcssen.","breadcrumb":{"@id":"https:\/\/whalewatchingtenerife.org\/faq\/#breadcrumb"},"inLanguage":"de","potentialAction":[{"@type":"ReadAction","target":["https:\/\/whalewatchingtenerife.org\/faq\/"]}]},{"@type":"BreadcrumbList","@id":"https:\/\/whalewatchingtenerife.org\/faq\/#breadcrumb","itemListElement":[{"@type":"ListItem","position":1,"name":"Home","item":"https:\/\/whalewatchingtenerife.org\/"},{"@type":"ListItem","position":2,"name":"FAQs: What You Need to Know About Whale Watching in Tenerife"}]},{"@type":"WebSite","@id":"https:\/\/whalewatchingtenerife.org\/#website","url":"https:\/\/whalewatchingtenerife.org\/","name":"Walbeobachtung Teneriffa","description":"","potentialAction":[{"@type":"SearchAction","target":{"@type":"EntryPoint","urlTemplate":"https:\/\/whalewatchingtenerife.org\/?s={search_term_string}"},"query-input":{"@type":"PropertyValueSpecification","valueRequired":true,"valueName":"search_term_string"}}],"inLanguage":"de"}]}},"_links":{"self":[{"href":"https:\/\/whalewatchingtenerife.org\/de\/wp-json\/wp\/v2\/pages\/1328","targetHints":{"allow":["GET"]}}],"collection":[{"href":"https:\/\/whalewatchingtenerife.org\/de\/wp-json\/wp\/v2\/pages"}],"about":[{"href":"https:\/\/whalewatchingtenerife.org\/de\/wp-json\/wp\/v2\/types\/page"}],"author":[{"embeddable":true,"href":"https:\/\/whalewatchingtenerife.org\/de\/wp-json\/wp\/v2\/users\/2"}],"replies":[{"embeddable":true,"href":"https:\/\/whalewatchingtenerife.org\/de\/wp-json\/wp\/v2\/comments?post=1328"}],"version-history":[{"count":3,"href":"https:\/\/whalewatchingtenerife.org\/de\/wp-json\/wp\/v2\/pages\/1328\/revisions"}],"predecessor-version":[{"id":2666,"href":"https:\/\/whalewatchingtenerife.org\/de\/wp-json\/wp\/v2\/pages\/1328\/revisions\/2666"}],"wp:attachment":[{"href":"https:\/\/whalewatchingtenerife.org\/de\/wp-json\/wp\/v2\/media?parent=1328"}],"curies":[{"name":"wp","href":"https:\/\/api.w.org\/{rel}","templated":true}]}}